{"id":875,"date":"2024-10-23T12:30:38","date_gmt":"2024-10-23T12:30:38","guid":{"rendered":"https:\/\/diemitte-haegglingen.ch\/?page_id=875"},"modified":"2025-12-24T12:48:53","modified_gmt":"2025-12-24T12:48:53","slug":"elementor-875","status":"publish","type":"page","link":"https:\/\/diemitte-haegglingen.ch\/","title":{"rendered":"Homepage"},"content":{"rendered":"\t\t<div data-elementor-type=\"wp-page\" data-elementor-id=\"875\" class=\"elementor elementor-875\">\n\t\t\t\t<div class=\"elementor-element elementor-element-23b02d4 e-flex e-con-boxed e-con e-parent\" data-id=\"23b02d4\" data-element_type=\"container\" data-e-type=\"container\">\n\t\t\t\t\t<div class=\"e-con-inner\">\n\t\t<div class=\"elementor-element elementor-element-bfcade0 e-con-full e-flex e-con e-child\" data-id=\"bfcade0\" data-element_type=\"container\" data-e-type=\"container\">\n\t\t\t\t<div class=\"elementor-element elementor-element-fb1c66a elementor-widget elementor-widget-heading\" data-id=\"fb1c66a\" data-element_type=\"widget\" data-e-type=\"widget\" data-widget_type=\"heading.default\">\n\t\t\t\t<div class=\"elementor-widget-container\">\n\t\t\t\t\t<h2 class=\"elementor-heading-title elementor-size-default\">Stammtisch<\/h2>\t\t\t\t<\/div>\n\t\t\t\t<\/div>\n\t\t\t\t<div class=\"elementor-element elementor-element-f58f1f0 elementor-widget elementor-widget-text-editor\" data-id=\"f58f1f0\" data-element_type=\"widget\" data-e-type=\"widget\" data-widget_type=\"text-editor.default\">\n\t\t\t\t<div class=\"elementor-widget-container\">\n\t\t\t\t\t\t\t\t\t<p>Unser Stammtisch zu aktuellen Themen in der Gemeinde und zum zwanglosen Austausch findet auch im Jahr 2026 statt. Er ist <strong>jeden 3. Mittwoch im Monat im Restaurant Kreuz, ab 19.30 Uhr.<\/strong> Es sind alle Interessierten herzlich eingeladen.<\/p>\t\t\t\t\t\t\t\t<\/div>\n\t\t\t\t<\/div>\n\t\t\t\t<div class=\"elementor-element elementor-element-13995cc elementor-widget elementor-widget-image\" data-id=\"13995cc\" data-element_type=\"widget\" data-e-type=\"widget\" data-widget_type=\"image.default\">\n\t\t\t\t<div class=\"elementor-widget-container\">\n\t\t\t\t\t\t\t\t\t\t\t\t\t\t\t<img fetchpriority=\"high\" decoding=\"async\" width=\"656\" height=\"1024\" src=\"https:\/\/diemitte-haegglingen.ch\/wp-content\/uploads\/2025\/12\/Advent_2025-656x1024.jpg\" class=\"attachment-large size-large wp-image-1127\" alt=\"\" srcset=\"https:\/\/diemitte-haegglingen.ch\/wp-content\/uploads\/2025\/12\/Advent_2025-656x1024.jpg 656w, https:\/\/diemitte-haegglingen.ch\/wp-content\/uploads\/2025\/12\/Advent_2025-192x300.jpg 192w, https:\/\/diemitte-haegglingen.ch\/wp-content\/uploads\/2025\/12\/Advent_2025-768x1199.jpg 768w, https:\/\/diemitte-haegglingen.ch\/wp-content\/uploads\/2025\/12\/Advent_2025.jpg 785w\" sizes=\"(max-width: 656px) 100vw, 656px\" \/>\t\t\t\t\t\t\t\t\t\t\t\t\t\t\t<\/div>\n\t\t\t\t<\/div>\n\t\t\t\t<div class=\"elementor-element elementor-element-482faf3 elementor-widget elementor-widget-heading\" data-id=\"482faf3\" data-element_type=\"widget\" data-e-type=\"widget\" data-widget_type=\"heading.default\">\n\t\t\t\t<div class=\"elementor-widget-container\">\n\t\t\t\t\t<h2 class=\"elementor-heading-title elementor-size-default\">Adventsfenster<\/h2>\t\t\t\t<\/div>\n\t\t\t\t<\/div>\n\t\t\t\t<div class=\"elementor-element elementor-element-f4e7251 elementor-widget elementor-widget-text-editor\" data-id=\"f4e7251\" data-element_type=\"widget\" data-e-type=\"widget\" data-widget_type=\"text-editor.default\">\n\t\t\t\t<div class=\"elementor-widget-container\">\n\t\t\t\t\t\t\t\t\t<p>Wie schon in den vergangen Jahren haben wir auch in diesem Jahr wieder ein Adventsfenster gestaltet.\u00a0<\/p>\t\t\t\t\t\t\t\t<\/div>\n\t\t\t\t<\/div>\n\t\t\t\t<div class=\"elementor-element elementor-element-7656e68 elementor-widget elementor-widget-heading\" data-id=\"7656e68\" data-element_type=\"widget\" data-e-type=\"widget\" data-widget_type=\"heading.default\">\n\t\t\t\t<div class=\"elementor-widget-container\">\n\t\t\t\t\t<h2 class=\"elementor-heading-title elementor-size-default\">Wir danken f\u00fcr ihr Vertrauen<\/h2>\t\t\t\t<\/div>\n\t\t\t\t<\/div>\n\t\t\t\t<div class=\"elementor-element elementor-element-677561c elementor-widget elementor-widget-text-editor\" data-id=\"677561c\" data-element_type=\"widget\" data-e-type=\"widget\" data-widget_type=\"text-editor.default\">\n\t\t\t\t<div class=\"elementor-widget-container\">\n\t\t\t\t\t\t\t\t\t<p>Unser Kandidat f\u00fcr den Gemeinderat <strong>Nicola Bernabei<\/strong> erzielte dabei mit dem Resultat von 618 Stimmen den hervorragenden 3. Rang. Bei einer Stimmbeteiligung von 43,7 % ist dieses Ergebnis ein starkes Zeichen der Unterst\u00fctzung aus der Bev\u00f6lkerung. Auch in den Kommissionen ist die Ortspartei die Mitte H\u00e4gglingen k\u00fcnftig vertreten. In stiller Wahl wurden gew\u00e4hlt:\u00a0<\/p><ul><li><strong>Sven G\u00f6ggel<\/strong> (parteilos) Finanzkommission<\/li><li><strong>Maykel Hanna <\/strong>(die Mitte) Steuerkommission<\/li><li><strong>Daniela Sekinger<\/strong> (parteilos) Steuerkommission<\/li><li><strong>Adrian Engel <\/strong>(die Mitte) Wahlkommission.<\/li><\/ul>\t\t\t\t\t\t\t\t<\/div>\n\t\t\t\t<\/div>\n\t\t\t\t<\/div>\n\t\t<div class=\"elementor-element elementor-element-4d8d7fd e-con-full e-flex e-con e-child\" data-id=\"4d8d7fd\" data-element_type=\"container\" data-e-type=\"container\">\n\t\t\t\t<div class=\"elementor-element elementor-element-b29fcc2 elementor-widget elementor-widget-image\" data-id=\"b29fcc2\" data-element_type=\"widget\" data-e-type=\"widget\" data-widget_type=\"image.default\">\n\t\t\t\t<div class=\"elementor-widget-container\">\n\t\t\t\t\t\t\t\t\t\t\t\t\t\t\t<img decoding=\"async\" width=\"1024\" height=\"682\" src=\"https:\/\/diemitte-haegglingen.ch\/wp-content\/uploads\/2025\/08\/Stapferhaus_Hauptsachegesund_Notfallraum_Gesundheitssystem-1024x682.jpg\" class=\"attachment-large size-large wp-image-1018\" alt=\"Herbstauflug 2025\" srcset=\"https:\/\/diemitte-haegglingen.ch\/wp-content\/uploads\/2025\/08\/Stapferhaus_Hauptsachegesund_Notfallraum_Gesundheitssystem-1024x682.jpg 1024w, https:\/\/diemitte-haegglingen.ch\/wp-content\/uploads\/2025\/08\/Stapferhaus_Hauptsachegesund_Notfallraum_Gesundheitssystem-300x200.jpg 300w, https:\/\/diemitte-haegglingen.ch\/wp-content\/uploads\/2025\/08\/Stapferhaus_Hauptsachegesund_Notfallraum_Gesundheitssystem-768x512.jpg 768w, https:\/\/diemitte-haegglingen.ch\/wp-content\/uploads\/2025\/08\/Stapferhaus_Hauptsachegesund_Notfallraum_Gesundheitssystem-1536x1024.jpg 1536w, https:\/\/diemitte-haegglingen.ch\/wp-content\/uploads\/2025\/08\/Stapferhaus_Hauptsachegesund_Notfallraum_Gesundheitssystem-700x465.jpg 700w, https:\/\/diemitte-haegglingen.ch\/wp-content\/uploads\/2025\/08\/Stapferhaus_Hauptsachegesund_Notfallraum_Gesundheitssystem.jpg 2000w\" sizes=\"(max-width: 1024px) 100vw, 1024px\" \/>\t\t\t\t\t\t\t\t\t\t\t\t\t\t\t<\/div>\n\t\t\t\t<\/div>\n\t\t\t\t<div class=\"elementor-element elementor-element-f1c1070 elementor-widget elementor-widget-text-editor\" data-id=\"f1c1070\" data-element_type=\"widget\" data-e-type=\"widget\" data-widget_type=\"text-editor.default\">\n\t\t\t\t<div class=\"elementor-widget-container\">\n\t\t\t\t\t\t\t\t\t<div class=\"elementor-icon-box-content\"><h2 class=\"elementor-icon-box-title\" style=\"text-align: center;\"><strong>Save the Date<\/strong><\/h2><p class=\"elementor-icon-box-title\" style=\"text-align: center;\"><strong>Einige Daten f\u00fcr&#8217;s 2026:<\/strong><\/p><\/div><div style=\"text-align: center;\"><p><strong>Neujahrs-Ap\u00e9ro<br \/>Donnerstag, 1. Januar 2026\u00a0<\/strong><br \/>Um 11.00 Uhr Neujahrs-Ap\u00e9ro in der Mehrzweckhalle mit Musik. Umrahmung<\/p><p><strong>politik@5607<br \/>Dienstag, 5. Mai 2026<\/strong><br \/>Infos f\u00fcr alle Interessierten \u00fcber die aktuelle Arbeit des Gemeinderates<\/p><p><strong>Mittwoch, 3. Juni 2026<br \/>Podium zur Sommergmeind<\/strong><br \/>Diskussion organisiert von der Mitte H\u00e4gglingen.<\/p><p><strong>Donnerstag, 18. Juni 2026<\/strong><br \/><strong>Rechnungsgemeinde<\/strong><br \/>EW-Gemeindeversammlung<\/p><p><strong>Mittwoch, 26. August 2026<\/strong><br \/>GV \u00abdieMitte\u00bb H\u00e4gglingen<br \/>Senevita Mehrzweckraum<\/p><p><strong>Samstag, 17. Oktober 2026<\/strong><br \/><strong>Herbstausflug<\/strong><br \/>Partei \u00abdie Mitte\u00bb H\u00e4gglingen<\/p><p><strong>Dienstag, 10. November 2026<\/strong><br \/><strong>Podium Herbstgemeinde<\/strong><br \/>Diskussion organisiert von der Mitte H\u00e4gglingen<\/p><p><strong>Freitag, 27. November 2026<\/strong><br \/><strong>Herbsgemeinde<\/strong><br \/>EW-Gemeindeversammlung<\/p><p><strong>Samstag, 12. Dezember 2026<\/strong><br \/><strong>Adventsfenster<\/strong><br \/>Adventsfenster der Partei \u00abdie Mitte\u00bb H\u00e4gglingen<\/p><\/div>\t\t\t\t\t\t\t\t<\/div>\n\t\t\t\t<\/div>\n\t\t\t\t<\/div>\n\t\t<div class=\"elementor-element elementor-element-ddfa49c e-con-full e-flex e-con e-child\" data-id=\"ddfa49c\" data-element_type=\"container\" data-e-type=\"container\">\n\t\t\t\t<div class=\"elementor-element elementor-element-7a34912 elementor-widget elementor-widget-heading\" data-id=\"7a34912\" data-element_type=\"widget\" data-e-type=\"widget\" data-widget_type=\"heading.default\">\n\t\t\t\t<div class=\"elementor-widget-container\">\n\t\t\t\t\t<h2 class=\"elementor-heading-title elementor-size-default\">Generalversammlung 2025<\/h2>\t\t\t\t<\/div>\n\t\t\t\t<\/div>\n\t\t\t\t<div class=\"elementor-element elementor-element-bedaf05 elementor-widget elementor-widget-text-editor\" data-id=\"bedaf05\" data-element_type=\"widget\" data-e-type=\"widget\" data-widget_type=\"text-editor.default\">\n\t\t\t\t<div class=\"elementor-widget-container\">\n\t\t\t\t\t\t\t\t\t<p><strong>die Mitte H\u00e4gglingen w\u00e4hlt neuen Pr\u00e4sidenten und stellt Weichen f\u00fcr die Gemeindewahlen<\/strong>\u00a0<\/p><p>Im Zentrum stand die Neuwahl des Pr\u00e4sidiums: <strong>Ferdinand Senn<\/strong> wurde mit grossem Applaus zum neuen Pr\u00e4sidenten gew\u00e4hlt. Der bisherige Pr\u00e4sident Adrian Engel trat zwar von seinem Amt zur\u00fcck, bleibt jedoch dem Vorstand erhalten und \u00fcbernimmt neu die Funktion des Aktuars. Die bisherigen Vorstandsmitglieder Peter Wyss (Vizepr\u00e4sident) und Pierre B\u00fcttikofer (Kassier) wurden klar wiedergew\u00e4hlt. Teofil Gadola hingegen trat aus dem Vorstand und der FIKO zur\u00fcck.\u00a0<\/p><p>Ein weiterer H\u00f6hepunkt war die Aufnahme von <strong>Nicola Bernabei<\/strong> in die Partei. Er stellte sich den Anwesenden pers\u00f6nlich mit viel Flair vor, \u00fcberzeugte durch sein engagiertes Auftreten und nimmt k\u00fcnftig Einsitz im Vorstand. Zudem kandidiert Bernabei f\u00fcr die kommenden Gemeinderatswahlen.\u00a0<\/p><p>F\u00fcr die Finanzkommission wird die Mitte den parteilosen <strong>Sven G\u00f6ggel<\/strong> unterst\u00fctzen. In der Steuerkommission treten die bisherigen Mitglieder <strong>Daniela Sekinger<\/strong> (parteilos) sowie <strong>Maykel Hanna<\/strong> erneut an \u2013 auch sie werden von der Mitte mitgetragen. Damit zeigt die Partei, dass sie \u00fcber die eigenen Reihen hinaus Verantwortung \u00fcbernimmt und breite L\u00f6sungen f\u00fcr H\u00e4gglingen unterst\u00fctzt.\u00a0<\/p><p><strong>Ehrungen verdienter Mitglieder:<\/strong>\u00a0<br \/><strong>Peter Wyss<\/strong> f\u00fcr 10 Jahre Engagement im Gemeinderat, <strong>Teofil Gadola<\/strong> f\u00fcr seine langj\u00e4hrige T\u00e4tigkeit in der Finanzkommission und im Vorstand, <strong>Bruno Sekinger<\/strong> f\u00fcr 24 Jahre Einsatz als Laienrichter am Bezirksgericht Bremgarten, <strong>Adrian Engel<\/strong> f\u00fcr seine Verdienste als langj\u00e4hriger Pr\u00e4sident, <strong>Beni Stulz<\/strong> f\u00fcr seine langj\u00e4hrige T\u00e4tigkeit als Revisor.\u00a0<\/p><p>Neben den statutarischen Gesch\u00e4ften diskutierten die Anwesenden engagiert \u00fcber die Schwerpunkte f\u00fcr die kommenden Monate. Die Vorbereitung der Gemeindewahlen, die aktive Pr\u00e4senz im Dorfleben sowie die St\u00e4rkung der politischen Mitte in H\u00e4gglingen standen dabei im Vordergrund.\u00a0<\/p>\t\t\t\t\t\t\t\t<\/div>\n\t\t\t\t<\/div>\n\t\t\t\t<\/div>\n\t\t\t\t\t<\/div>\n\t\t\t\t<\/div>\n\t\t\t\t<\/div>\n\t\t","protected":false},"excerpt":{"rendered":"<p>Stammtisch Unser Stammtisch zu aktuellen Themen in der Gemeinde und zum zwanglosen Austausch findet auch im Jahr 2026 statt. Er ist jeden 3. Mittwoch im &hellip; <\/p>\n","protected":false},"author":1,"featured_media":0,"parent":0,"menu_order":0,"comment_status":"closed","ping_status":"closed","template":"","meta":{"footnotes":""},"class_list":["post-875","page","type-page","status-publish","hentry"],"_links":{"self":[{"href":"https:\/\/diemitte-haegglingen.ch\/index.php?rest_route=\/wp\/v2\/pages\/875","targetHints":{"allow":["GET"]}}],"collection":[{"href":"https:\/\/diemitte-haegglingen.ch\/index.php?rest_route=\/wp\/v2\/pages"}],"about":[{"href":"https:\/\/diemitte-haegglingen.ch\/index.php?rest_route=\/wp\/v2\/types\/page"}],"author":[{"embeddable":true,"href":"https:\/\/diemitte-haegglingen.ch\/index.php?rest_route=\/wp\/v2\/users\/1"}],"replies":[{"embeddable":true,"href":"https:\/\/diemitte-haegglingen.ch\/index.php?rest_route=%2Fwp%2Fv2%2Fcomments&post=875"}],"version-history":[{"count":95,"href":"https:\/\/diemitte-haegglingen.ch\/index.php?rest_route=\/wp\/v2\/pages\/875\/revisions"}],"predecessor-version":[{"id":1133,"href":"https:\/\/diemitte-haegglingen.ch\/index.php?rest_route=\/wp\/v2\/pages\/875\/revisions\/1133"}],"wp:attachment":[{"href":"https:\/\/diemitte-haegglingen.ch\/index.php?rest_route=%2Fwp%2Fv2%2Fmedia&parent=875"}],"curies":[{"name":"wp","href":"https:\/\/api.w.org\/{rel}","templated":true}]}}