{"id":667,"date":"2023-12-27T10:16:19","date_gmt":"2023-12-27T10:16:19","guid":{"rendered":"https:\/\/diemitte-haegglingen.ch\/?page_id=667"},"modified":"2023-12-27T10:40:38","modified_gmt":"2023-12-27T10:40:38","slug":"agb","status":"publish","type":"page","link":"https:\/\/diemitte-haegglingen.ch\/?page_id=667","title":{"rendered":"AGB"},"content":{"rendered":"\t\t<div data-elementor-type=\"wp-page\" data-elementor-id=\"667\" class=\"elementor elementor-667\">\n\t\t\t\t<div class=\"elementor-element elementor-element-4453355 e-con-full e-flex e-con e-parent\" data-id=\"4453355\" data-element_type=\"container\" data-e-type=\"container\">\n\t\t<div class=\"elementor-element elementor-element-e07186c e-con-full e-flex e-con e-child\" data-id=\"e07186c\" data-element_type=\"container\" data-e-type=\"container\">\n\t\t\t\t<div class=\"elementor-element elementor-element-8c3341d elementor-widget elementor-widget-text-editor\" data-id=\"8c3341d\" data-element_type=\"widget\" data-e-type=\"widget\" data-widget_type=\"text-editor.default\">\n\t\t\t\t<div class=\"elementor-widget-container\">\n\t\t\t\t\t\t\t\t\t<p>Der Schutz von personenbezogenen Daten der Benutzer:innen unserer Webseite ist f\u00fcr Die Mitte sowie\u00a0f\u00fcr alle Kampagnenaussch\u00fcsse, Allianzen, Koalitionen und\u00a0politischen Verb\u00e4nde, in denen Die Mitte als Organisatorin oder Vertreterin\u00a0t\u00e4tig ist, von zentraler Bedeutung.<\/p><p>Die Mitte beachtet die gesetzlichen Bestimmungen des Datenschutzes. Alle im Rahmen der Anmeldung erfassten bzw. w\u00e4hrend der Nutzung entstehenden und durch das schweizerische Datenschutzgesetz (nachfolgend \u00abDSG\u00bb, ab 1. September 2023 \u00abrevDSG\u00bb) bzw. die Europ\u00e4ische Datenschutz-Grundverordnung (nachfolgend \u00abEU DSGVO\u00bb) gesch\u00fctzten Personendaten werden ausschliesslich im Zusammenhang mit Ihrer Mitgliedschaft oder Ihrem Besuch unserer Website genutzt, soweit nicht, insbesondere gem\u00e4ss dieser Datenschutzerkl\u00e4rung, Ihr ausdr\u00fcckliches Einverst\u00e4ndnis zu einer dar\u00fcber hinausgehenden Nutzung vorliegt oder das anwendbare Recht diese erlaubt.<\/p><p>Wir erheben, verarbeiten und nutzen personenbezogenen Daten nur unter Einhaltung des geltenden Datenschutzgesetzes. Weiter arbeiten wir kontinuierlich daran, dass Personendaten durch technische und organisatorische Massnahmen gesch\u00fctzt sowie f\u00fcr Dritte unzug\u00e4nglich sind.<\/p><p>Diese Datenschutzrichtlinie gibt Auskunft dar\u00fcber, welche Daten Die Mitte w\u00e4hrend Ihres Besuchs auf dieser Webseite erhebt und wie Die Mitte diese Daten nutzt. Einige der Daten, die wir auf unserem Server speichern, sind Daten, die Sie uns freiwillig durch das Ausf\u00fcllen von Formularen zur Verf\u00fcgung gestellt haben, w\u00e4hrend andere Daten automatisch erhoben worden sind.\u00a0<b>Die Mitte erhebt keinerlei Daten, aus denen sich die Identit\u00e4t des einzelnen Besuchers ableiten l\u00e4sst, es sei denn, Sie selbst \u00fcbermitteln uns Ihre personenbezogenen Daten.\u00a0<\/b>Ferner benutzt Die Mitte keine technologischen Hilfsmittel, die auf die Identifizierung von Besucher\/innen abzielen.<\/p><p><b>Allgemeine Hinweise<br \/><\/b>Die folgenden Hinweise geben einen \u00dcberblick dar\u00fcber, was mit Ihren personenbezogenen Daten passiert, wenn Sie unsere Website besuchen. Personenbezogene Daten sind alle Daten, mit denen Sie pers\u00f6nlich identifiziert werden k\u00f6nnen.<\/p><p><b>Datenerfassung auf unserer Website. <\/b><b>Wof\u00fcr nutzen wir Ihre Daten?<br \/><\/b>Ein Teil der Daten wird erhoben, um eine fehlerfreie Bereitstellung der Website zu gew\u00e4hrleisten. Andere Daten k\u00f6nnen zur Analyse Ihres Nutzerverhaltens verwendet werden.<\/p><p><b>Welche Rechte haben Sie bez\u00fcglich Ihrer Daten?<br \/><\/b>Sie haben jederzeit das Recht unentgeltlich Auskunft \u00fcber Herkunft, Empf\u00e4nger und Zweck Ihrer gespeicherten personenbezogenen Daten zu erhalten. Sie haben ausserdem ein Recht, die Berichtigung, Sperrung oder L\u00f6schung dieser Daten zu verlangen. Hierzu sowie zu weiteren Fragen zum Thema Datenschutz k\u00f6nnen Sie sich jederzeit unter nachstehend angegebener Adresse an uns wenden. Des Weiteren steht Ihnen ein Beschwerderecht bei der zust\u00e4ndigen Aufsichtsbeh\u00f6rde zu.<\/p><p><b>Analyse-Tools und Tools von Drittanbietern<br \/><\/b>Beim Besuch unserer Website kann Ihr Surf-Verhalten statistisch ausgewertet werden. Das geschieht vor allem mit Cookies und mit sogenannten Analyseprogrammen. Die Analyse Ihres Surf-Verhaltens erfolgt in der Regel anonym; das Surf-Verhalten kann nicht zu Ihnen zur\u00fcckverfolgt werden. Sie k\u00f6nnen dieser Analyse widersprechen oder sie durch die Nichtbenutzung bestimmter Tools verhindern.<\/p><p><b>Automatisch erhobene und gespeicherte Daten<br \/><\/b>Ihre Daten werden zum einen dadurch erhoben, dass Sie uns diese mitteilen. Hierbei kann es sich z.B. um Daten handeln, die Sie in ein Formular eingeben.<\/p><p>Andere Daten werden automatisch beim Besuch der Website durch unsere IT-Systeme erfasst. Das sind vor allem technische Daten (z.B. Internetbrowser, Betriebssystem oder Uhrzeit des Seitenaufrufs). Die Erfassung dieser Daten erfolgt automatisch, sobald Sie unsere Website betreten. Wie viele andere Organisationen und Unternehmen verfolgt Die Mitte die allgemeine Benutzung der Webseite (Messung von Abfrageh\u00e4ufigkeiten), um sie f\u00fcr unsere Besucher zu verbessern und ihren Bed\u00fcrfnissen anzupassen. W\u00e4hrend Ihres Besuchs erhebt Die Mitte automatisch ggf. die folgenden Daten \u00fcber Ihren Rechner und Ihren Besuch und speichert diese Daten vor\u00fcbergehend. Dies sind:<\/p><ul><li><p>Browsertyp und Browserversion<\/p><\/li><li><p>verwendetes Betriebssystem<\/p><\/li><li><p>Ggf. Referrer URL (die Internetadresse der Webseite, von der aus Sie durch einen Link auf diese Webseite gelangt sind)<\/p><\/li><li><p>Domain und Host, von der aus Sie das Internet benutzen<\/p><\/li><li><p>Datum und Uhrzeit des Besuchs (Verbindungsaufbaus mit unserer Webseite), die Dauer sowie Auswahl der besuchten Seiten<\/p><\/li><li><p>Internetprotokoll (IP)-Adresse Ihres Computers<\/p><\/li><\/ul><p>Eine Zusammenf\u00fchrung dieser Daten mit anderen Datenquellen wird nicht vorgenommen.<br \/>Grundlage f\u00fcr die Datenverarbeitung ist das Schweizerische Datenschutzgesetz Artikel 13 Absatz 2 Buchstabe a DSG, Artikel 31 Absatz 2 Buchstabe a revDSG (Verarbeitung in unmittelbarem Zusammenhang mit dem Abschluss oder der Abwicklung eines Vertrags; entspricht Artikel 6 Absatz 1 Buchstabe b EU DSGVO) sowie in Artikel 13 Absatz 1 DSG, Artikel 31 Absatz 1 revDSG (Einwilligung der betroffenen Person oder Verpflichtung zur Verarbeitung durch Gesetz; entspricht Artikel 6 Absatz 1 Buchstabe a EU DSGVO).<\/p><p><b>Formulare<br \/><\/b>Wenn Sie uns per Formular Anfragen zukommen lassen, werden Ihre Angaben aus dem Anfrageformular inklusive der von Ihnen dort angegebenen Kontaktdaten zwecks Bearbeitung der Anfrage und f\u00fcr den Fall von Anschlussfragen bei uns gespeichert. Diese Daten geben wir nicht ohne Ihre Einwilligung weiter.<br \/>Die Verarbeitung der in das Kontaktformular eingegebenen Daten erfolgt somit ausschliesslich auf Grundlage Ihrer Einwilligung. Sie k\u00f6nnen diese Einwilligung jederzeit widerrufen. Formulieren Sie in Ihrem Schreiben Ihr Anliegen, geben Sie bitte Ihren genauen Namen, Vornamen, Ihre Postadresse und\/oder Ihre E-Mail-Adresse an und legen Sie uns eine Kopie eines amtlichen Ausweises bei. Wir werden daf\u00fcr Sorge tragen, dass wir Ihrem Anliegen so rasch wie m\u00f6glich nachkommen und werden Sie per E-Mail oder Brief unterrichten.<\/p><p>Die von Ihnen in unseren Formularen\u00a0eingegebenen Daten verbleiben bei uns, bis Sie uns zur L\u00f6schung auffordern, Ihre Einwilligung zur Speicherung widerrufen oder der Zweck f\u00fcr die Datenspeicherung entf\u00e4llt (z.B. nach abgeschlossener Bearbeitung Ihrer Anfrage). Zwingende gesetzliche Bestimmungen \u2013 insbesondere Aufbewahrungsfristen \u2013 bleiben unber\u00fchrt.<\/p><p>Die Mitte darf Dritte mit der beschriebenen Messung von Abfrageh\u00e4ufigkeiten beauftragen. Dadurch erlangen wir keinesfalls Informationen \u00fcber die Identit\u00e4t eines Besuchers.<\/p><p><b>Cookies<br \/><\/b>Die Mitte speichert ggf. bestimmte Informationen auf den Rechnern der Besucher, die Cookies genannt werden. Allgemein gesagt ordnet ein Cookie einem Besucher eine eigene Nummer zu, die ausserhalb der zuordnenden Website keine Bedeutung hat. Cookies geben Auskunft dar\u00fcber, wie und wann und von wie vielen Besuchern die Seiten einer Website besucht werden. Diese Technologie sammelt keine Identifikationsdaten \u00fcber einzelne Besucher, vielmehr liegen diese Informationen ebenfalls in aggregierter Form vor. Zweck dieser Technologie und der von ihren bereitgestellten Informationen ist wiederum, uns bei der Verbesserung unserer Webseiten zu unterst\u00fctzen. Die meisten Internetbrowser lassen dem Nutzer die Wahl, Cookies generell zu verweigern oder zu akzeptieren. Dabei ist jedoch zu beachten, dass Cookies ggf. erforderlich sind, um bestimmte Funktionalit\u00e4ten nutzen zu k\u00f6nnen (beispielsweise bei der Bereitstellung nutzerspezifischer Informationen), die auf der Webseite von Die Mitte Aargau angeboten werden. Weitere Informationen zu Cookies sind unter\u00a0<a href=\"https:\/\/de.wikipedia.org\/wiki\/HTTP-Cookie\"><u>http:\/\/de.wikipedia.org\/wiki\/HTTP-Cookie<\/u><\/a>\u00a0erh\u00e4ltlich.<\/p><p><b>Nutzung der pers\u00f6nlichen Daten<br \/><\/b>Die Mitte darf Dritte mit der beschriebenen Messung von Abfrageh\u00e4ufigkeiten beauftragen. Dadurch erlangen wir keinesfalls Informationen \u00fcber die Identit\u00e4t eines Besuchers. Von zugezogenen Dritten wird die Beachtung unserer Datenschutzstandards, die \u00dcbermittlung von Daten in aggregierter Form und die Nutzung der erhobenen Daten f\u00fcr den dazu bestimmten Zweck und deren anschliessende Vernichtung verlangt.<\/p><p>\u00a0<\/p>\t\t\t\t\t\t\t\t<\/div>\n\t\t\t\t<\/div>\n\t\t\t\t<\/div>\n\t\t<div class=\"elementor-element elementor-element-0427654 e-con-full e-flex e-con e-child\" data-id=\"0427654\" data-element_type=\"container\" data-e-type=\"container\">\n\t\t\t\t<div class=\"elementor-element elementor-element-36fca4d elementor-widget elementor-widget-text-editor\" data-id=\"36fca4d\" data-element_type=\"widget\" data-e-type=\"widget\" data-widget_type=\"text-editor.default\">\n\t\t\t\t<div class=\"elementor-widget-container\">\n\t\t\t\t\t\t\t\t\t<p><b>L\u00f6schen und Verwalten von Cookies<br \/><\/b>Mittels Link Datenschutz-Einstellungen (im Footer dieser Website) k\u00f6nnen Sie Ihre Cookie-Einstellungen personalisieren.\u00a0Auch in Abh\u00e4ngigkeit des eingesetzten Browsers k\u00f6nnen Sie die Verwendung der Cookies verwalten. F\u00fcr die g\u00e4ngigen Browser finden Sie nachstehend Hilfestellungen.<br \/>Microsoft Explorer: <u><a href=\"https:\/\/support.microsoft.com\/de-ch\/help\/17442\/windows-internet-explorer-delete-manage-cookies\">https:\/\/support.microsoft.com\/de-ch\/help\/17442\/windows-internet-explorer-delete-manage-cookies<\/a><br \/><\/u>Firefox:<a href=\"http:\/\/www.support.mozilla.org\/de\/kb\/cookies-erlauben-und-ablehnen\"><u>http:\/\/www.support.mozilla.org\/de\/kb\/cookies-erlauben-und-ablehnen <\/u><\/a><span lang=\"en-US\">Google Chrome: <\/span><a href=\"https:\/\/support.google.com\/chrome\/answer\/95647?hl=de&amp;hlrm=en\"><span lang=\"en-US\"><u>https:\/\/support.google.com\/chrome\/answer\/95647?hl=de&amp;hlrm=en<\/u><\/span><\/a> <span lang=\"it-IT\">Safari: <\/span><a href=\"https:\/\/support.apple.com\/de-ch\/guide\/safari\/sfri11471\/mac\"><span lang=\"it-IT\"><u>https:\/\/support.apple.com\/de-ch\/guide\/safari\/sfri11471\/mac<\/u><\/span><\/a><span lang=\"it-IT\">Opera: <\/span><a href=\"http:\/\/help.opera.com\/Windows\/10.20\/de\/cookies.html\"><span lang=\"it-IT\"><u>http:\/\/help.opera.com\/Windows\/10.20\/de\/cookies.html<\/u><\/span><\/a><\/p><p><b>Google Analytics<br \/><\/b>Diese Website benutzt Google Analytics, einen Webanalysedienst der Google Inc. (\u201cGoogle\u201c). Google Analytics verwendet sog. \u201cCookies\u201c, Textdateien, die auf Ihrem Computer gespeichert werden und die eine Analyse der Benutzung der Website durch Sie erm\u00f6glicht. Die durch Cookies erzeugten Informationen \u00fcber Ihre Benutzung diese Website (einschliesslich Ihrer IP-Adresse) wird an einen Server von Google in den USA \u00fcbertragen und dort gespeichert. Google wird diese Informationen benutzen, um Ihre Nutzung der Website auszuwerten, um Reports \u00fcber die Websiteaktivit\u00e4ten f\u00fcr die Websitebetreiber zusammenzustellen und um weitere mit der Websitenutzung und der Internetnutzung verbundene Dienstleistungen zu erbringen. Auch wird Google diese Informationen gegebenenfalls an Dritte \u00fcbertragen, sofern dies gesetzlich vorgeschrieben oder soweit Dritte diese Daten im Auftrag von Google verarbeiten. Google wird in keinem Fall Ihre IP-Adresse mit anderen Daten von Google in Verbindung bringen.<\/p><p>Sie k\u00f6nnen die Installation der Cookies durch eine entsprechende Einstellung Ihrer Browser Software verhindern; wir weisen Sie jedoch darauf hin, dass Sie in diesem Fall gegebenenfalls nicht s\u00e4mtliche Funktionen dieser Website voll umf\u00e4nglich nutzen k\u00f6nnen. Durch die Nutzung dieser Website erkl\u00e4ren Sie sich mit der Bearbeitung der \u00fcber Sie<\/p><p>erhobenen Daten durch Google in der zuvor beschriebenen Art und Weise und zu dem zuvor benannten Zweck einverstanden.\u00a0<span lang=\"en-US\">(<\/span><a href=\"https:\/\/support.google.com\/analytics\/answer\/6004245\"><span lang=\"en-US\"><u>Weitere Informationen zu Google Analytics Datenschutz<\/u><\/span><\/a><span lang=\"en-US\">)<\/span><\/p><p><span lang=\"en-US\"><b>Facebook Remarketing \/ Retargeting (Custom Audiences und Lookalike Audiences)<br \/><\/b><\/span>Auf unseren Seiten sind Plugins des sozialen Netzwerks Facebook, 1601 South California Avenue, Palo Alto, CA 94304, USA integriert. Die Facebook-Plugins erkennen Sie an dem Facebook-Logo oder dem \u201eLike\u201c-Button (\u201eGef\u00e4llt mir\u201c) auf unserer Seite. Weiter wird auch Facebook-Pixel verwendet.<\/p><p>Wenn Sie unsere Seiten besuchen und \u00fcber die Cookie-Personalisierung dem Facebook-Service zugestimmt haben,\u00a0wird \u00fcber das Plugin eine direkte Verbindung zwischen Ihrem Browser und dem Facebook-Server hergestellt. Facebook erh\u00e4lt dadurch die Information, dass Sie mit Ihrer IP-Adresse unsere Seite besucht haben. Wenn Sie den Facebook \u201eLike-Button\u201c anklicken w\u00e4hrend Sie in Ihrem Facebook-Account eingeloggt sind, k\u00f6nnen Sie die Inhalte unserer Seiten auf Ihrem Facebook-Profil verlinken. Dadurch kann Facebook den Besuch unserer Seiten Ihrem Benutzerkonto zuordnen.<\/p><p>Wir nutzen den Dienst der Lookalike Audience. Anhand der Facebook Pixel-Daten ermittelt Facebook darin Gemeinsamkeiten wie etwa demografische Daten oder Interessen. Die Mitte nutzt diesen Dienst von Facebook, indem \u00e4hnliche Personengruppen mit Werbung angesprochen werden. Diese Daten kann aber nur Facebook identifizieren.<\/p><p>\u00dcberdies verwenden wir auch Facebook-Pixel, welches weitere Events aufzeichnet. Dadurch kann Facebook den Besuch unserer Seiten deinem Benutzerkonto zuordnen. Wir weisen darauf hin, dass wir als Anbieter dieser Webseite keine Kenntnis vom Inhalt der \u00fcbermittelten Daten sowie deren Nutzung durch Facebook erhalten. Weitere Informationen hierzu finden Sie in der Datenschutzerkl\u00e4rung von Facebook unter <a href=\"https:\/\/www.facebook.com\/about\/privacy\"><u>https:\/\/www.facebook.com\/about\/privacy<\/u><\/a><\/p><p>Wir nutzen weiter Facebook-Lead-Ads, um Interessent\/innen zu gewinnen und deren Kontaktdaten zu erheben. Hierbei werden folgende Informationen erhoben: Vollst\u00e4ndiger Name und E-Mail-Adresse. Diese von Ihnen an Facebook bereitgestellten Daten werden von Facebook auf Facebook-Servern gespeichert und gem\u00e4ss der\u00a0<a href=\"https:\/\/www.facebook.com\/policy.php\"><u>Facebook-Datenschutzrichtlinie\u00a0<\/u><\/a>und den\u00a0<a href=\"https:\/\/www.facebook.com\/business\/help\/829597887147190?id=735435806665862\"><u>Facebook Lead Ads-Nutzungsbedingungen\u00a0<\/u><\/a>verarbeitet. Wir verarbeiten lediglich Daten aufgrund Ihrer Einwilligung. Diese Einwilligung k\u00f6nnen Sie jederzeit widerrufen. Hierf\u00fcr gen\u00fcgt eine einfache Mitteilung an uns. Sofern die Datenschutz-Grundverordnung (DSGVO) anwendbar ist und die Verarbeitung der Daten ausschliesslich durch uns erfolgt, sind wir Verantwortliche f\u00fcr die Datenverarbeitung im Sinne der DSGVO.\u00a0 Erfolgt die Verarbeitung von personenbezogenen Daten auch oder ausschliesslich durch Facebook, besteht eine gemeinsame Verantwortlichkeit zwischen uns und Facebook, 1601 South California Avenue, Palo Alto, CA 94304, USA. Die der Mitte Schweiz von Facebook \u00fcber Facebook Lead Ads zur Verf\u00fcgung gestellten Daten werden anschliessend zu den in unserem jeweiligen Formular genannten Zwecken (z.B. Unterst\u00fctzung unserer Volksinitiativen) verwendet. Die Verarbeitung der Daten ist hierbei strikt an die mit der jeweiligen Lead Ad-Kampagne verfolgten Zwecke gebunden. Diese Zwecke werden im Rahmen der Lead Ad bzw. auf dem vorgehaltenen Formular eindeutig benannt, bevor die angegebenen Daten \u00fcbermittelt werden. Eine Weitergabe der Daten an Dritte findet nicht statt.<\/p><p>Wenn Sie nicht w\u00fcnschen, dass Facebook den Besuch unserer Seiten Ihrem Facebook-Nutzerkonto zuordnen kann, loggen Sie sich bitte aus Ihrem Facebook-Benutzerkonto aus, deaktivieren Sie Facebook-Cookies \u00fcber unsere Datenverwaltung (per entsprechendem Link im Footer der Website)\u00a0und\/oder deaktivieren Sie Cookies in Ihrem Browser.<\/p><p><b>IP Anonymisierung<br \/><\/b>Wir haben auf dieser Website die Funktion IP-Anonymisierung aktiviert. Dadurch wird Ihre IP-Adresse von Google innerhalb von Mitgliedstaaten der Europ\u00e4ischen Union oder in anderen Vertragsstaaten des Abkommens \u00fcber den Europ\u00e4ischen Wirtschaftsraum vor der \u00dcbermittlung in die USA gek\u00fcrzt. Nur in Ausnahmef\u00e4llen wird die volle IP-Adresse an einen Server von Google in den USA \u00fcbertragen und dort gek\u00fcrzt. Im Auftrag des Betreibers dieser Website wird Google diese Informationen benutzen, um Ihre Nutzung der Website auszuwerten, um Reports \u00fcber die Websiteaktivit\u00e4ten zusammenzustellen und um weitere mit der Websitenutzung und der Internetnutzung verbundene Dienstleistungen gegen\u00fcber dem Websitebetreiber zu erbringen. Die im Rahmen von Google Analytics von Ihrem Browser \u00fcbermittelte IP-Adresse wird nicht mit anderen Daten von Google zusammengef\u00fchrt.<\/p><p><b>Pers\u00f6nliche Informationen, die Sie uns freiwillig \u00fcbermitteln<br \/><\/b>Nur wenn die Besucher der Webseite dies ausdr\u00fccklich w\u00fcnschen, werden die von uns gesammelten Daten zur Beantwortung von Anfragen, Versendung von E-Mails und Information der Besucher \u00fcber neue Inhalte oder Services auf unseren Webseiten genutzt. Entscheiden Sie sich gegen den weiteren Erhalt unserer E-Mails, so unterrichten Sie uns hier\u00fcber bitte per E-Mail oder Brief.<\/p><p>Die Mitte nutzt Ihre pers\u00f6nlichen Daten ausschliesslich zu dem von Ihnen bei \u00dcbermittlung der Daten angegebenen Zweck. Die Mitte legt derartige personenbezogene Daten gegen\u00fcber anderen Unternehmen oder Institutionen nicht offen, ver\u00e4ussert, \u00fcberl\u00e4sst sie oder tauscht sie auch nicht mit anderen Unternehmen oder Institutionen aus, ohne dass der Nutzer zuvor diesbez\u00fcglich unterrichtet wurde und ausdr\u00fccklich seine Zustimmung erkl\u00e4rt hat. Etwas anderes gilt nur, wenn Die Mitte zu einer Offenlegung und \u00dcbermittlung der Daten gesetzlich oder durch gerichtliches Urteil verpflichtet ist.<\/p><p>Die Mitte bearbeiten personenbezogene Personendaten nur so lange, wie dies f\u00fcr den jeweiligen Zweck n\u00f6tig oder von Gesetzes wegen vorgeschrieben ist. Solange Sie bei uns Mitglied, Sympathisant:in oder Interessent:in sind, bewahren wir die bei Ihrer Anmeldung angegebenen Stammdaten unbeschr\u00e4nkt auf. Sofern Sie unseren Newsletter bestellt haben, bewahren wir Ihre Adressdaten bis zur Abbestellung oder Beendigung Ihres Abonnements auf.<\/p><p>Die Mitte beh\u00e4lt sich das Recht vor, diese Richtlinie jederzeit zu \u00e4ndern. Die Datenschutzrichtlinie begr\u00fcndet kein vertragliches oder sonstiges formales Rechtsverh\u00e4ltnis gegen\u00fcber oder im Auftrag einer Partei.<\/p><p>Die vorliegende Datenschutzerkl\u00e4rung und die Vertr\u00e4ge, die basierend auf oder im Zusammenhang mit dieser Datenschutzerkl\u00e4rung geschlossen werden, unterliegen schweizerischem Recht, sofern nicht zwingend das Recht eines anderen Staates anwendbar ist. Gerichtsstand ist der Sitz der Die Mitte, sofern nicht zwingend ein anderer Gerichtsstand vorgegeben ist.<\/p><p><b>Letzte Aktualisierung: Dezember 2023, Stand August 2023<\/b><\/p>\t\t\t\t\t\t\t\t<\/div>\n\t\t\t\t<\/div>\n\t\t\t\t<\/div>\n\t\t\t\t<\/div>\n\t\t\t\t<\/div>\n\t\t","protected":false},"excerpt":{"rendered":"<p>Der Schutz von personenbezogenen Daten der Benutzer:innen unserer Webseite ist f\u00fcr Die Mitte sowie\u00a0f\u00fcr alle Kampagnenaussch\u00fcsse, Allianzen, Koalitionen und\u00a0politischen Verb\u00e4nde, in denen Die Mitte als &hellip; <\/p>\n","protected":false},"author":1,"featured_media":0,"parent":0,"menu_order":0,"comment_status":"closed","ping_status":"closed","template":"","meta":{"footnotes":""},"class_list":["post-667","page","type-page","status-publish","hentry"],"_links":{"self":[{"href":"https:\/\/diemitte-haegglingen.ch\/index.php?rest_route=\/wp\/v2\/pages\/667","targetHints":{"allow":["GET"]}}],"collection":[{"href":"https:\/\/diemitte-haegglingen.ch\/index.php?rest_route=\/wp\/v2\/pages"}],"about":[{"href":"https:\/\/diemitte-haegglingen.ch\/index.php?rest_route=\/wp\/v2\/types\/page"}],"author":[{"embeddable":true,"href":"https:\/\/diemitte-haegglingen.ch\/index.php?rest_route=\/wp\/v2\/users\/1"}],"replies":[{"embeddable":true,"href":"https:\/\/diemitte-haegglingen.ch\/index.php?rest_route=%2Fwp%2Fv2%2Fcomments&post=667"}],"version-history":[{"count":12,"href":"https:\/\/diemitte-haegglingen.ch\/index.php?rest_route=\/wp\/v2\/pages\/667\/revisions"}],"predecessor-version":[{"id":682,"href":"https:\/\/diemitte-haegglingen.ch\/index.php?rest_route=\/wp\/v2\/pages\/667\/revisions\/682"}],"wp:attachment":[{"href":"https:\/\/diemitte-haegglingen.ch\/index.php?rest_route=%2Fwp%2Fv2%2Fmedia&parent=667"}],"curies":[{"name":"wp","href":"https:\/\/api.w.org\/{rel}","templated":true}]}}