{"id":519,"date":"2023-11-26T10:40:38","date_gmt":"2023-11-26T10:40:38","guid":{"rendered":"https:\/\/diemitte-haegglingen.ch\/?page_id=519"},"modified":"2024-10-23T13:07:15","modified_gmt":"2024-10-23T13:07:15","slug":"album","status":"publish","type":"page","link":"https:\/\/diemitte-haegglingen.ch\/?page_id=519","title":{"rendered":"Herbstausflug 2023"},"content":{"rendered":"\t\t<div data-elementor-type=\"wp-page\" data-elementor-id=\"519\" class=\"elementor elementor-519\">\n\t\t\t\t\t\t<section class=\"elementor-section elementor-top-section elementor-element elementor-element-2233316f elementor-section-full_width  themeshark-observed-animation fadeIn elementor-section-height-default elementor-section-height-default elementor-invisible\" data-id=\"2233316f\" data-element_type=\"section\" data-e-type=\"section\" data-settings=\"{&quot;animation&quot;:&quot;fadeIn&quot;}\">\n\t\t\t\t\t\t<div class=\"elementor-container elementor-column-gap-default\">\n\t\t\t\t\t<div class=\"elementor-column elementor-col-100 elementor-top-column elementor-element elementor-element-3a24f33e\" data-id=\"3a24f33e\" data-element_type=\"column\" data-e-type=\"column\">\n\t\t\t<div class=\"elementor-widget-wrap elementor-element-populated\">\n\t\t\t\t\t\t<div class=\"elementor-element elementor-element-4a1c687 elementor-widget elementor-widget-heading\" data-id=\"4a1c687\" data-element_type=\"widget\" data-e-type=\"widget\" data-widget_type=\"heading.default\">\n\t\t\t\t<div class=\"elementor-widget-container\">\n\t\t\t\t\t<h2 class=\"elementor-heading-title elementor-size-default\">Herbstausflug 2023 \u00abVilla Langmatt\u00bb Baden<\/h2>\t\t\t\t<\/div>\n\t\t\t\t<\/div>\n\t\t<div class=\"elementor-element elementor-element-ed85dc5 e-grid e-con-boxed e-con e-parent\" data-id=\"ed85dc5\" data-element_type=\"container\" data-e-type=\"container\">\n\t\t\t\t\t<div class=\"e-con-inner\">\n\t\t\t\t<div class=\"elementor-element elementor-element-6e81789 elementor-widget elementor-widget-text-editor\" data-id=\"6e81789\" data-element_type=\"widget\" data-e-type=\"widget\" data-widget_type=\"text-editor.default\">\n\t\t\t\t<div class=\"elementor-widget-container\">\n\t\t\t\t\t\t\t\t\t<p style=\"caret-color: #000000; color: #000000;\">Zu unserem Parteiausflug konnten wir \u00fcber ein dutzend G\u00e4ste begr\u00fcssen. Er f\u00fchrte uns in die \u00abVilla Langmatt\u00bb in Baden. Die sehr interessante F\u00fchrung zeigt die Vielfalt, mit der die Familie Brown Bilder und Porzellan sammelte. Auch das Geb\u00e4ude an und f\u00fcr sich ist von hoher historischer Bedeutung. Es war eine der letzten F\u00fchrungen vor der grossen Renovation mit zus\u00e4tzlichem Neubau in der Villa. Sie ist jetzt f\u00fcr zwei Jahre geschlossen und wird erst im Jahre 2026 in neuem Glanz er\u00f6ffnet.<\/p>\t\t\t\t\t\t\t\t<\/div>\n\t\t\t\t<\/div>\n\t\t\t\t<div class=\"elementor-element elementor-element-ae9db2b elementor-widget elementor-widget-text-editor\" data-id=\"ae9db2b\" data-element_type=\"widget\" data-e-type=\"widget\" data-widget_type=\"text-editor.default\">\n\t\t\t\t<div class=\"elementor-widget-container\">\n\t\t\t\t\t\t\t\t\t<p style=\"caret-color: #000000; color: #000000;\">Danach wurden wir mit einem Ap\u00e9ro bei \u00ablips\u00bb verw\u00f6hnt. Dabei erl\u00e4uterte der Lehrer Ferdinand Senn die Aufgaben dieser Ausbildungsst\u00e4tte, die komplett privat finanziert wird. Nach zahlreichen Gespr\u00e4chen, die nicht nur politischer Natur waren, fuhren wir dann am sp\u00e4teren Nachmittag mit dem Kleinbus zur\u00fcck nach H\u00e4gglingen.<\/p><p style=\"caret-color: #000000; color: #000000; text-align: right;\">\u00a0<\/p>\t\t\t\t\t\t\t\t<\/div>\n\t\t\t\t<\/div>\n\t\t\t\t\t<\/div>\n\t\t\t\t<\/div>\n\t\t\t\t<div class=\"elementor-element elementor-element-62f0efad themeshark-gallery-justified elementor-widget elementor-widget-ts-gallery\" data-id=\"62f0efad\" data-element_type=\"widget\" data-e-type=\"widget\" data-settings=\"{&quot;background_overlay_hover_animation&quot;:&quot;enter-zoom&quot;,&quot;image_hover_animation&quot;:&quot;zoom-in&quot;,&quot;content_hover_animation&quot;:&quot;fade-in-&quot;}\" data-widget_type=\"ts-gallery.default\">\n\t\t\t\t<div class=\"elementor-widget-container\">\n\t\t\t\t\t        <div class=\"themeshark-gallery\">\n                    <a class=\"themeshark-gallery-item ts-hover-effect\" href=\"https:\/\/diemitte-haegglingen.ch\/wp-content\/uploads\/2023\/11\/Langatt11.jpg\" data-elementor-open-lightbox=\"yes\" data-elementor-lightbox-slideshow=\"all-62f0efad\" data-elementor-lightbox-title=\"Langmatt_11\" data-e-action-hash=\"#elementor-action%3Aaction%3Dlightbox%26settings%3DeyJpZCI6NTk2LCJ1cmwiOiJodHRwczpcL1wvZGllbWl0dGUtaGFlZ2dsaW5nZW4uY2hcL3dwLWNvbnRlbnRcL3VwbG9hZHNcLzIwMjNcLzExXC9MYW5nYXR0MTEuanBnIiwic2xpZGVzaG93IjoiYWxsLTYyZjBlZmFkIn0%3D\" style=\"--ratio: 0.57177734375;\">\n            <div class=\"themeshark-gallery-item-image ts-effect--zoom-in\" style=\"background-image: url(&#039;https:\/\/diemitte-haegglingen.ch\/wp-content\/uploads\/2023\/11\/Langatt11.jpg&#039;);\">\n            <\/div>\n\n            <div class=\"themeshark-gallery-item-overlay ts-effect--enter-zoom\">\n            <\/div>\n\n                            <div class=\"themeshark-gallery-item-content ts-effect--fade-in-\">\n                    <div class='themeshark-gallery-item-text'>\n                        Langmatt_11                    <\/div>\n                <\/div>\n                    <\/a>\n        <a class=\"themeshark-gallery-item ts-hover-effect\" href=\"https:\/\/diemitte-haegglingen.ch\/wp-content\/uploads\/2023\/11\/Langmatt_12.jpg\" data-elementor-open-lightbox=\"yes\" data-elementor-lightbox-slideshow=\"all-62f0efad\" data-elementor-lightbox-title=\"Langmatt_12\" data-e-action-hash=\"#elementor-action%3Aaction%3Dlightbox%26settings%3DeyJpZCI6NTk3LCJ1cmwiOiJodHRwczpcL1wvZGllbWl0dGUtaGFlZ2dsaW5nZW4uY2hcL3dwLWNvbnRlbnRcL3VwbG9hZHNcLzIwMjNcLzExXC9MYW5nbWF0dF8xMi5qcGciLCJzbGlkZXNob3ciOiJhbGwtNjJmMGVmYWQifQ%3D%3D\" style=\"--ratio: 0.67004504504505;\">\n            <div class=\"themeshark-gallery-item-image ts-effect--zoom-in\" style=\"background-image: url(&#039;https:\/\/diemitte-haegglingen.ch\/wp-content\/uploads\/2023\/11\/Langmatt_12.jpg&#039;);\">\n            <\/div>\n\n            <div class=\"themeshark-gallery-item-overlay ts-effect--enter-zoom\">\n            <\/div>\n\n                            <div class=\"themeshark-gallery-item-content ts-effect--fade-in-\">\n                    <div class='themeshark-gallery-item-text'>\n                        Langmatt_12                    <\/div>\n                <\/div>\n                    <\/a>\n        <a class=\"themeshark-gallery-item ts-hover-effect\" href=\"https:\/\/diemitte-haegglingen.ch\/wp-content\/uploads\/2023\/11\/Langmatt_10.jpg\" data-elementor-open-lightbox=\"yes\" data-elementor-lightbox-slideshow=\"all-62f0efad\" data-elementor-lightbox-title=\"Langmatt_10\" data-e-action-hash=\"#elementor-action%3Aaction%3Dlightbox%26settings%3DeyJpZCI6NTk4LCJ1cmwiOiJodHRwczpcL1wvZGllbWl0dGUtaGFlZ2dsaW5nZW4uY2hcL3dwLWNvbnRlbnRcL3VwbG9hZHNcLzIwMjNcLzExXC9MYW5nbWF0dF8xMC5qcGciLCJzbGlkZXNob3ciOiJhbGwtNjJmMGVmYWQifQ%3D%3D\" style=\"--ratio: 0.59176410777834;\">\n            <div class=\"themeshark-gallery-item-image ts-effect--zoom-in\" style=\"background-image: url(&#039;https:\/\/diemitte-haegglingen.ch\/wp-content\/uploads\/2023\/11\/Langmatt_10.jpg&#039;);\">\n            <\/div>\n\n            <div class=\"themeshark-gallery-item-overlay ts-effect--enter-zoom\">\n            <\/div>\n\n                            <div class=\"themeshark-gallery-item-content ts-effect--fade-in-\">\n                    <div class='themeshark-gallery-item-text'>\n                        Langmatt_10                    <\/div>\n                <\/div>\n                    <\/a>\n        <a class=\"themeshark-gallery-item ts-hover-effect\" href=\"https:\/\/diemitte-haegglingen.ch\/wp-content\/uploads\/2023\/11\/Langmatt_9.jpg\" data-elementor-open-lightbox=\"yes\" data-elementor-lightbox-slideshow=\"all-62f0efad\" data-elementor-lightbox-title=\"Langmatt_9\" data-e-action-hash=\"#elementor-action%3Aaction%3Dlightbox%26settings%3DeyJpZCI6NTk5LCJ1cmwiOiJodHRwczpcL1wvZGllbWl0dGUtaGFlZ2dsaW5nZW4uY2hcL3dwLWNvbnRlbnRcL3VwbG9hZHNcLzIwMjNcLzExXC9MYW5nbWF0dF85LmpwZyIsInNsaWRlc2hvdyI6ImFsbC02MmYwZWZhZCJ9\" style=\"--ratio: 0.55712890625;\">\n            <div class=\"themeshark-gallery-item-image ts-effect--zoom-in\" style=\"background-image: url(&#039;https:\/\/diemitte-haegglingen.ch\/wp-content\/uploads\/2023\/11\/Langmatt_9.jpg&#039;);\">\n            <\/div>\n\n            <div class=\"themeshark-gallery-item-overlay ts-effect--enter-zoom\">\n            <\/div>\n\n                            <div class=\"themeshark-gallery-item-content ts-effect--fade-in-\">\n                    <div class='themeshark-gallery-item-text'>\n                        Langmatt_9                    <\/div>\n                <\/div>\n                    <\/a>\n        <a class=\"themeshark-gallery-item ts-hover-effect\" href=\"https:\/\/diemitte-haegglingen.ch\/wp-content\/uploads\/2023\/11\/Langmatt_8.jpg\" data-elementor-open-lightbox=\"yes\" data-elementor-lightbox-slideshow=\"all-62f0efad\" data-elementor-lightbox-title=\"Langmatt_8\" data-e-action-hash=\"#elementor-action%3Aaction%3Dlightbox%26settings%3DeyJpZCI6NjAwLCJ1cmwiOiJodHRwczpcL1wvZGllbWl0dGUtaGFlZ2dsaW5nZW4uY2hcL3dwLWNvbnRlbnRcL3VwbG9hZHNcLzIwMjNcLzExXC9MYW5nbWF0dF84LmpwZyIsInNsaWRlc2hvdyI6ImFsbC02MmYwZWZhZCJ9\" style=\"--ratio: 0.69979402677652;\">\n            <div class=\"themeshark-gallery-item-image ts-effect--zoom-in\" style=\"background-image: url(&#039;https:\/\/diemitte-haegglingen.ch\/wp-content\/uploads\/2023\/11\/Langmatt_8.jpg&#039;);\">\n            <\/div>\n\n            <div class=\"themeshark-gallery-item-overlay ts-effect--enter-zoom\">\n            <\/div>\n\n                            <div class=\"themeshark-gallery-item-content ts-effect--fade-in-\">\n                    <div class='themeshark-gallery-item-text'>\n                        Langmatt_8                    <\/div>\n                <\/div>\n                    <\/a>\n        <a class=\"themeshark-gallery-item ts-hover-effect\" href=\"https:\/\/diemitte-haegglingen.ch\/wp-content\/uploads\/2023\/11\/Langmatt_7.jpg\" data-elementor-open-lightbox=\"yes\" data-elementor-lightbox-slideshow=\"all-62f0efad\" data-elementor-lightbox-title=\"Langmatt_7\" data-e-action-hash=\"#elementor-action%3Aaction%3Dlightbox%26settings%3DeyJpZCI6NjAxLCJ1cmwiOiJodHRwczpcL1wvZGllbWl0dGUtaGFlZ2dsaW5nZW4uY2hcL3dwLWNvbnRlbnRcL3VwbG9hZHNcLzIwMjNcLzExXC9MYW5nbWF0dF83LmpwZyIsInNsaWRlc2hvdyI6ImFsbC02MmYwZWZhZCJ9\" style=\"--ratio: 0.73051451859399;\">\n            <div class=\"themeshark-gallery-item-image ts-effect--zoom-in\" style=\"background-image: url(&#039;https:\/\/diemitte-haegglingen.ch\/wp-content\/uploads\/2023\/11\/Langmatt_7.jpg&#039;);\">\n            <\/div>\n\n            <div class=\"themeshark-gallery-item-overlay ts-effect--enter-zoom\">\n            <\/div>\n\n                            <div class=\"themeshark-gallery-item-content ts-effect--fade-in-\">\n                    <div class='themeshark-gallery-item-text'>\n                        Langmatt_7                    <\/div>\n                <\/div>\n                    <\/a>\n        <a class=\"themeshark-gallery-item ts-hover-effect\" href=\"https:\/\/diemitte-haegglingen.ch\/wp-content\/uploads\/2023\/11\/Langmatt_1.jpg\" data-elementor-open-lightbox=\"yes\" data-elementor-lightbox-slideshow=\"all-62f0efad\" data-elementor-lightbox-title=\"Langmatt_1\" data-e-action-hash=\"#elementor-action%3Aaction%3Dlightbox%26settings%3DeyJpZCI6NjAyLCJ1cmwiOiJodHRwczpcL1wvZGllbWl0dGUtaGFlZ2dsaW5nZW4uY2hcL3dwLWNvbnRlbnRcL3VwbG9hZHNcLzIwMjNcLzExXC9MYW5nbWF0dF8xLmpwZyIsInNsaWRlc2hvdyI6ImFsbC02MmYwZWZhZCJ9\" style=\"--ratio: 0.67472527472527;\">\n            <div class=\"themeshark-gallery-item-image ts-effect--zoom-in\" style=\"background-image: url(&#039;https:\/\/diemitte-haegglingen.ch\/wp-content\/uploads\/2023\/11\/Langmatt_1.jpg&#039;);\">\n            <\/div>\n\n            <div class=\"themeshark-gallery-item-overlay ts-effect--enter-zoom\">\n            <\/div>\n\n                            <div class=\"themeshark-gallery-item-content ts-effect--fade-in-\">\n                    <div class='themeshark-gallery-item-text'>\n                        Langmatt_1                    <\/div>\n                <\/div>\n                    <\/a>\n        <a class=\"themeshark-gallery-item ts-hover-effect\" href=\"https:\/\/diemitte-haegglingen.ch\/wp-content\/uploads\/2023\/11\/Langmatt_2.jpg\" data-elementor-open-lightbox=\"yes\" data-elementor-lightbox-slideshow=\"all-62f0efad\" data-elementor-lightbox-title=\"Langmatt_2\" data-e-action-hash=\"#elementor-action%3Aaction%3Dlightbox%26settings%3DeyJpZCI6NjAzLCJ1cmwiOiJodHRwczpcL1wvZGllbWl0dGUtaGFlZ2dsaW5nZW4uY2hcL3dwLWNvbnRlbnRcL3VwbG9hZHNcLzIwMjNcLzExXC9MYW5nbWF0dF8yLmpwZyIsInNsaWRlc2hvdyI6ImFsbC02MmYwZWZhZCJ9\" style=\"--ratio: 0.63232421875;\">\n            <div class=\"themeshark-gallery-item-image ts-effect--zoom-in\" style=\"background-image: url(&#039;https:\/\/diemitte-haegglingen.ch\/wp-content\/uploads\/2023\/11\/Langmatt_2.jpg&#039;);\">\n            <\/div>\n\n            <div class=\"themeshark-gallery-item-overlay ts-effect--enter-zoom\">\n            <\/div>\n\n                            <div class=\"themeshark-gallery-item-content ts-effect--fade-in-\">\n                    <div class='themeshark-gallery-item-text'>\n                        Langmatt_2                    <\/div>\n                <\/div>\n                    <\/a>\n        <a class=\"themeshark-gallery-item ts-hover-effect\" href=\"https:\/\/diemitte-haegglingen.ch\/wp-content\/uploads\/2023\/11\/Langmatt_5.jpg\" data-elementor-open-lightbox=\"yes\" data-elementor-lightbox-slideshow=\"all-62f0efad\" data-elementor-lightbox-title=\"Langmatt_5\" data-e-action-hash=\"#elementor-action%3Aaction%3Dlightbox%26settings%3DeyJpZCI6NjA0LCJ1cmwiOiJodHRwczpcL1wvZGllbWl0dGUtaGFlZ2dsaW5nZW4uY2hcL3dwLWNvbnRlbnRcL3VwbG9hZHNcLzIwMjNcLzExXC9MYW5nbWF0dF81LmpwZyIsInNsaWRlc2hvdyI6ImFsbC02MmYwZWZhZCJ9\" style=\"--ratio: 1.1686197916667;\">\n            <div class=\"themeshark-gallery-item-image ts-effect--zoom-in\" style=\"background-image: url(&#039;https:\/\/diemitte-haegglingen.ch\/wp-content\/uploads\/2023\/11\/Langmatt_5.jpg&#039;);\">\n            <\/div>\n\n            <div class=\"themeshark-gallery-item-overlay ts-effect--enter-zoom\">\n            <\/div>\n\n                            <div class=\"themeshark-gallery-item-content ts-effect--fade-in-\">\n                    <div class='themeshark-gallery-item-text'>\n                        Langmatt_5                    <\/div>\n                <\/div>\n                    <\/a>\n        <a class=\"themeshark-gallery-item ts-hover-effect\" href=\"https:\/\/diemitte-haegglingen.ch\/wp-content\/uploads\/2023\/11\/Langmatt_6.jpg\" data-elementor-open-lightbox=\"yes\" data-elementor-lightbox-slideshow=\"all-62f0efad\" data-elementor-lightbox-title=\"Langmatt_6\" data-e-action-hash=\"#elementor-action%3Aaction%3Dlightbox%26settings%3DeyJpZCI6NjA1LCJ1cmwiOiJodHRwczpcL1wvZGllbWl0dGUtaGFlZ2dsaW5nZW4uY2hcL3dwLWNvbnRlbnRcL3VwbG9hZHNcLzIwMjNcLzExXC9MYW5nbWF0dF82LmpwZyIsInNsaWRlc2hvdyI6ImFsbC02MmYwZWZhZCJ9\" style=\"--ratio: 1.3333333333333;\">\n            <div class=\"themeshark-gallery-item-image ts-effect--zoom-in\" style=\"background-image: url(&#039;https:\/\/diemitte-haegglingen.ch\/wp-content\/uploads\/2023\/11\/Langmatt_6.jpg&#039;);\">\n            <\/div>\n\n            <div class=\"themeshark-gallery-item-overlay ts-effect--enter-zoom\">\n            <\/div>\n\n                            <div class=\"themeshark-gallery-item-content ts-effect--fade-in-\">\n                    <div class='themeshark-gallery-item-text'>\n                        Langmatt_6                    <\/div>\n                <\/div>\n                    <\/a>\n        <\/div>\n    \t\t\t\t<\/div>\n\t\t\t\t<\/div>\n\t\t\t\t\t<\/div>\n\t\t<\/div>\n\t\t\t\t\t<\/div>\n\t\t<\/section>\n\t\t\t\t<\/div>\n\t\t","protected":false},"excerpt":{"rendered":"<p>Herbstausflug 2023 \u00abVilla Langmatt\u00bb Baden Zu unserem Parteiausflug konnten wir \u00fcber ein dutzend G\u00e4ste begr\u00fcssen. Er f\u00fchrte uns in die \u00abVilla Langmatt\u00bb in Baden. Die &hellip; <\/p>\n","protected":false},"author":1,"featured_media":0,"parent":0,"menu_order":0,"comment_status":"closed","ping_status":"closed","template":"elementor_theme","meta":{"footnotes":""},"class_list":["post-519","page","type-page","status-publish","hentry"],"_links":{"self":[{"href":"https:\/\/diemitte-haegglingen.ch\/index.php?rest_route=\/wp\/v2\/pages\/519","targetHints":{"allow":["GET"]}}],"collection":[{"href":"https:\/\/diemitte-haegglingen.ch\/index.php?rest_route=\/wp\/v2\/pages"}],"about":[{"href":"https:\/\/diemitte-haegglingen.ch\/index.php?rest_route=\/wp\/v2\/types\/page"}],"author":[{"embeddable":true,"href":"https:\/\/diemitte-haegglingen.ch\/index.php?rest_route=\/wp\/v2\/users\/1"}],"replies":[{"embeddable":true,"href":"https:\/\/diemitte-haegglingen.ch\/index.php?rest_route=%2Fwp%2Fv2%2Fcomments&post=519"}],"version-history":[{"count":25,"href":"https:\/\/diemitte-haegglingen.ch\/index.php?rest_route=\/wp\/v2\/pages\/519\/revisions"}],"predecessor-version":[{"id":902,"href":"https:\/\/diemitte-haegglingen.ch\/index.php?rest_route=\/wp\/v2\/pages\/519\/revisions\/902"}],"wp:attachment":[{"href":"https:\/\/diemitte-haegglingen.ch\/index.php?rest_route=%2Fwp%2Fv2%2Fmedia&parent=519"}],"curies":[{"name":"wp","href":"https:\/\/api.w.org\/{rel}","templated":true}]}}