{"id":1042,"date":"2025-08-01T15:57:33","date_gmt":"2025-08-01T15:57:33","guid":{"rendered":"https:\/\/diemitte-haegglingen.ch\/?page_id=1042"},"modified":"2025-09-30T09:34:49","modified_gmt":"2025-09-30T09:34:49","slug":"gesamterneuerungswahlen","status":"publish","type":"page","link":"https:\/\/diemitte-haegglingen.ch\/?page_id=1042","title":{"rendered":"Gesamterneuerungswahlen"},"content":{"rendered":"\t\t<div data-elementor-type=\"wp-page\" data-elementor-id=\"1042\" class=\"elementor elementor-1042\">\n\t\t\t\t<div class=\"elementor-element elementor-element-de5d491 e-flex e-con-boxed e-con e-parent\" data-id=\"de5d491\" data-element_type=\"container\" data-e-type=\"container\">\n\t\t\t\t\t<div class=\"e-con-inner\">\n\t\t\t\t<div class=\"elementor-element elementor-element-7288b61 elementor-widget elementor-widget-heading\" data-id=\"7288b61\" data-element_type=\"widget\" data-e-type=\"widget\" data-widget_type=\"heading.default\">\n\t\t\t\t<div class=\"elementor-widget-container\">\n\t\t\t\t\t<h2 class=\"elementor-heading-title elementor-size-default\">Gesamterneuerungswahlen Gemeinde H\u00e4gglingen<\/h2>\t\t\t\t<\/div>\n\t\t\t\t<\/div>\n\t\t\t\t<div class=\"elementor-element elementor-element-180f542 elementor-widget elementor-widget-text-editor\" data-id=\"180f542\" data-element_type=\"widget\" data-e-type=\"widget\" data-widget_type=\"text-editor.default\">\n\t\t\t\t<div class=\"elementor-widget-container\">\n\t\t\t\t\t\t\t\t\t<p>Ein grandioser Erfolg. Unser Kandidat Nicola Bernabei hat mit dem glanzvollen Resultat von 618 Stimmen zwei Bisherige \u00fcberfl\u00fcgelt. Ein sehr erfreulicher Vertrauensvorschuss, den er sicher best\u00e4tigen wird.<\/p>\t\t\t\t\t\t\t\t<\/div>\n\t\t\t\t<\/div>\n\t\t\t\t\t<\/div>\n\t\t\t\t<\/div>\n\t\t<div class=\"elementor-element elementor-element-34189b2 e-flex e-con-boxed e-con e-parent\" data-id=\"34189b2\" data-element_type=\"container\" data-e-type=\"container\">\n\t\t\t\t\t<div class=\"e-con-inner\">\n\t\t\t\t<div class=\"elementor-element elementor-element-6c579b8 elementor-widget-divider--view-line elementor-widget elementor-widget-divider\" data-id=\"6c579b8\" data-element_type=\"widget\" data-e-type=\"widget\" data-widget_type=\"divider.default\">\n\t\t\t\t<div class=\"elementor-widget-container\">\n\t\t\t\t\t\t\t<div class=\"elementor-divider\">\n\t\t\t<span class=\"elementor-divider-separator\">\n\t\t\t\t\t\t<\/span>\n\t\t<\/div>\n\t\t\t\t\t\t<\/div>\n\t\t\t\t<\/div>\n\t\t\t\t\t<\/div>\n\t\t\t\t<\/div>\n\t\t<div class=\"elementor-element elementor-element-98a1814 e-flex e-con-boxed e-con e-parent\" data-id=\"98a1814\" data-element_type=\"container\" data-e-type=\"container\">\n\t\t\t\t\t<div class=\"e-con-inner\">\n\t\t<div class=\"elementor-element elementor-element-6f5bdf5 e-con-full e-flex e-con e-child\" data-id=\"6f5bdf5\" data-element_type=\"container\" data-e-type=\"container\">\n\t\t\t\t<div class=\"elementor-element elementor-element-6db5de0 elementor-widget elementor-widget-image\" data-id=\"6db5de0\" data-element_type=\"widget\" data-e-type=\"widget\" data-widget_type=\"image.default\">\n\t\t\t\t<div class=\"elementor-widget-container\">\n\t\t\t\t\t\t\t\t\t\t\t\t<figure class=\"wp-caption\">\n\t\t\t\t\t\t\t\t\t\t\t<a href=\"mailto:n.bernabei@diemitte-haegglingen.ch\">\n\t\t\t\t\t\t\t<img fetchpriority=\"high\" decoding=\"async\" width=\"742\" height=\"875\" src=\"https:\/\/diemitte-haegglingen.ch\/wp-content\/uploads\/2023\/11\/Foto_2.jpg\" class=\"attachment-medium_large size-medium_large wp-image-1037\" alt=\"\" srcset=\"https:\/\/diemitte-haegglingen.ch\/wp-content\/uploads\/2023\/11\/Foto_2.jpg 742w, https:\/\/diemitte-haegglingen.ch\/wp-content\/uploads\/2023\/11\/Foto_2-254x300.jpg 254w\" sizes=\"(max-width: 742px) 100vw, 742px\" \/>\t\t\t\t\t\t\t\t<\/a>\n\t\t\t\t\t\t\t\t\t\t\t<figcaption class=\"widget-image-caption wp-caption-text\">Nicola Bernabei<\/figcaption>\n\t\t\t\t\t\t\t\t\t\t<\/figure>\n\t\t\t\t\t\t\t\t\t<\/div>\n\t\t\t\t<\/div>\n\t\t\t\t<\/div>\n\t\t<div class=\"elementor-element elementor-element-7961530 e-con-full e-flex e-con e-child\" data-id=\"7961530\" data-element_type=\"container\" data-e-type=\"container\">\n\t\t\t\t<div class=\"elementor-element elementor-element-d7aa169 elementor-widget elementor-widget-heading\" data-id=\"d7aa169\" data-element_type=\"widget\" data-e-type=\"widget\" data-widget_type=\"heading.default\">\n\t\t\t\t<div class=\"elementor-widget-container\">\n\t\t\t\t\t<h2 class=\"elementor-heading-title elementor-size-default\">Nicola Bernabei<\/h2>\t\t\t\t<\/div>\n\t\t\t\t<\/div>\n\t\t\t\t<div class=\"elementor-element elementor-element-1addab6 elementor-widget elementor-widget-text-editor\" data-id=\"1addab6\" data-element_type=\"widget\" data-e-type=\"widget\" data-widget_type=\"text-editor.default\">\n\t\t\t\t<div class=\"elementor-widget-container\">\n\t\t\t\t\t\t\t\t\t<p>Neu im Gemeinderat <strong>Nicola Bernabei. <\/strong>Er bringt die n\u00f6tigen Kompetenzen mit und wird unsere Partei im Gremium gut vertreten, aber lesen sie selber:<\/p><p><strong><span style=\"font-size: medium; font-family: Verdana, Verdana, sans-serif; color: #000000; text-align: var(--text-align);\">Jahrgang 1985, verheiratet, 2 Kinder<br \/><\/span><span style=\"color: #000000; font-family: Verdana, Verdana, sans-serif; font-size: medium; text-align: var(--text-align);\">Partei: Die Mitte H\u00e4gglingen<br \/><\/span><\/strong><strong style=\"font-family: var( --e-global-typography-text-font-family ), Sans-serif; text-align: var(--text-align); font-size: 1.125rem;\"><span style=\"color: #000000;\"><span style=\"font-family: Verdana, Verdana, sans-serif;\"><span style=\"font-size: medium;\">Beruf: Polizist, Ermittler Abt. Wirtschaftsdelikte<br \/><\/span><\/span><\/span><\/strong><strong style=\"font-family: var( --e-global-typography-text-font-family ), Sans-serif; text-align: var(--text-align); font-size: 1.125rem;\"><span style=\"color: #000000;\"><span style=\"font-family: Verdana, Verdana, sans-serif;\"><span style=\"font-size: medium;\">Hobbys: Campingreisen, Schachspiel, Unihockey, Wandern<\/span><\/span><\/span><\/strong><\/p><p><strong>\u00abGr\u00fcezi\u00bb<\/strong><br \/>Dieses Grusswort kreuzt meine Gedanken, wenn ich an die Gemeinde H\u00e4gglingen denke. Als wir 2019 hierhergezogen sind, war es auch das Erste, was mir auffiel: Sei es beim Spazieren, beim Einkaufen oder beim Verrichten von Gartenarbeiten \u2013 hier gr\u00fcsst man sich, und zwar unabh\u00e4ngig davon, ob man sich pers\u00f6nlich kennt oder nicht. Es dr\u00fcckt den Wunsch nach Gemeinschaft und Wohlwollen aus. Besonders im Dorfleben tr\u00e4gt es dazu bei, soziale N\u00e4he, Vertrautheit und ein freundliches Miteinander zu pflegen.<\/p><p><strong>Also \u00abGr\u00fcezi\u00bb liebe Einwohnerinnen und Einwohner von H\u00e4gglingen!<br \/><\/strong>Ich freue mich, als offizieller Kandidat der Ortspartei \u00abdie Mitte\u00bb f\u00fcr den Gemeinderat von H\u00e4gglingen zu kandidieren. Seit l\u00e4ngerem hege ich den Wunsch, mich f\u00fcr die mir sehr ans Herz gewachsenen Gemeinschaft zu engagieren. Als Familienvater kann ich sicher den Gemeinderat mit meinen Erfahrungen bei der Familien-, Schul- und Sozialpolitik bereichern. Ich strebe danach, eine offene und transparente Kommunikation zu f\u00f6rdern, aber auch kritische Fragen zu stellen und unbequeme Themen anzugehen. Dabei sind mir Offenheit, Ehrlichkeit und Wertsch\u00e4tzung sehr wichtig. Im Gemeinderat will ich mich daf\u00fcr einsetzen, dass unsere Bev\u00f6lkerung \u2013 unter klugem und nachhaltigem Einsatz der uns zur Verf\u00fcgung stehenden Mittel \u2013 die besten Rahmenbedingungen f\u00fcr die Zukunft vorfindet. Unsere Gemeinde soll ein lebenswerter Ort sein, wo jede B\u00fcrgerin und jeder B\u00fcrger geh\u00f6rt wird, die verschiedenen Generationen miteinander interagieren und die Familien sich wohlf\u00fchlen. Alle sollen ihr Leben in unserem sch\u00f6nen, naturumgebenen Dorf, gestalten k\u00f6nnen.<\/p><p><em>Nicola Bernabei<br \/><a href=\"mailto:n.bernabei@diemitte-haegglingen.ch\">n.bernabei@diemitte-haegglingen.ch<\/a><\/em><\/p>\t\t\t\t\t\t\t\t<\/div>\n\t\t\t\t<\/div>\n\t\t\t\t<\/div>\n\t\t\t\t\t<\/div>\n\t\t\t\t<\/div>\n\t\t<div class=\"elementor-element elementor-element-607f0e3 e-flex e-con-boxed e-con e-parent\" data-id=\"607f0e3\" data-element_type=\"container\" data-e-type=\"container\">\n\t\t\t\t\t<div class=\"e-con-inner\">\n\t\t\t\t<div class=\"elementor-element elementor-element-fc1ded6 elementor-widget-divider--view-line elementor-widget elementor-widget-divider\" data-id=\"fc1ded6\" data-element_type=\"widget\" data-e-type=\"widget\" data-widget_type=\"divider.default\">\n\t\t\t\t<div class=\"elementor-widget-container\">\n\t\t\t\t\t\t\t<div class=\"elementor-divider\">\n\t\t\t<span class=\"elementor-divider-separator\">\n\t\t\t\t\t\t<\/span>\n\t\t<\/div>\n\t\t\t\t\t\t<\/div>\n\t\t\t\t<\/div>\n\t\t\t\t\t<\/div>\n\t\t\t\t<\/div>\n\t\t<div class=\"elementor-element elementor-element-86bbf65 e-flex e-con-boxed e-con e-parent\" data-id=\"86bbf65\" data-element_type=\"container\" data-e-type=\"container\">\n\t\t\t\t\t<div class=\"e-con-inner\">\n\t\t<div class=\"elementor-element elementor-element-d622847 e-con-full e-flex e-con e-child\" data-id=\"d622847\" data-element_type=\"container\" data-e-type=\"container\">\n\t\t\t\t<\/div>\n\t\t<div class=\"elementor-element elementor-element-7d66de0 e-con-full e-flex e-con e-child\" data-id=\"7d66de0\" data-element_type=\"container\" data-e-type=\"container\">\n\t\t\t\t<\/div>\n\t\t\t\t\t<\/div>\n\t\t\t\t<\/div>\n\t\t\t\t<\/div>\n\t\t","protected":false},"excerpt":{"rendered":"<p>Gesamterneuerungswahlen Gemeinde H\u00e4gglingen Ein grandioser Erfolg. Unser Kandidat Nicola Bernabei hat mit dem glanzvollen Resultat von 618 Stimmen zwei Bisherige \u00fcberfl\u00fcgelt. Ein sehr erfreulicher Vertrauensvorschuss, &hellip; <\/p>\n","protected":false},"author":1,"featured_media":0,"parent":0,"menu_order":0,"comment_status":"closed","ping_status":"closed","template":"","meta":{"footnotes":""},"class_list":["post-1042","page","type-page","status-publish","hentry"],"_links":{"self":[{"href":"https:\/\/diemitte-haegglingen.ch\/index.php?rest_route=\/wp\/v2\/pages\/1042","targetHints":{"allow":["GET"]}}],"collection":[{"href":"https:\/\/diemitte-haegglingen.ch\/index.php?rest_route=\/wp\/v2\/pages"}],"about":[{"href":"https:\/\/diemitte-haegglingen.ch\/index.php?rest_route=\/wp\/v2\/types\/page"}],"author":[{"embeddable":true,"href":"https:\/\/diemitte-haegglingen.ch\/index.php?rest_route=\/wp\/v2\/users\/1"}],"replies":[{"embeddable":true,"href":"https:\/\/diemitte-haegglingen.ch\/index.php?rest_route=%2Fwp%2Fv2%2Fcomments&post=1042"}],"version-history":[{"count":40,"href":"https:\/\/diemitte-haegglingen.ch\/index.php?rest_route=\/wp\/v2\/pages\/1042\/revisions"}],"predecessor-version":[{"id":1120,"href":"https:\/\/diemitte-haegglingen.ch\/index.php?rest_route=\/wp\/v2\/pages\/1042\/revisions\/1120"}],"wp:attachment":[{"href":"https:\/\/diemitte-haegglingen.ch\/index.php?rest_route=%2Fwp%2Fv2%2Fmedia&parent=1042"}],"curies":[{"name":"wp","href":"https:\/\/api.w.org\/{rel}","templated":true}]}}